{"id":165,"date":"2017-03-14T20:07:31","date_gmt":"2017-03-14T20:07:31","guid":{"rendered":"http:\/\/pick-up-ramblers.de\/?page_id=165"},"modified":"2017-03-16T20:22:47","modified_gmt":"2017-03-16T20:22:47","slug":"datenschutzerklaerung","status":"publish","type":"page","link":"http:\/\/pick-up-ramblers.de\/?page_id=165","title":{"rendered":"Datenschutzerkl\u00e4rung"},"content":{"rendered":"<h5>Geltungsbereich<\/h5>\n<h5>Diese Datenschutzerkl\u00e4rung kl\u00e4rt Nutzer \u00fcber die Art, den Umfang und Zwecke der Erhebung und Verwendung personenbezogener Daten durch den verantwortlichen Anbieter \u2013 Pick up Ramblers \u2013 Erwin und Tamara Wagner &#8211; N\u00f6rdlinger Stra\u00dfe 77 &#8211; 86343 K\u00f6nigsbrunn &#8211; Tel.: 08231 \/ 7362 &#8211; mobil: 0177 \/ 3647324 &#8211; email: tamarajw@aol.com \u2013 auf dieser Website (im folgenden \u201cAngebot\u201d) auf.<\/h5>\n<h5>Die rechtlichen Grundlagen des Datenschutzes finden sich im Bundesdatenschutzgesetz (BDSG) und dem Telemediengesetz (TMG).<\/h5>\n<h5>Zugriffsdaten\/Server-Logfiles<\/h5>\n<h5>Der Anbieter (beziehungsweise sein Webspace-Provider) erhebt Daten \u00fcber jeden Zugriff auf das Angebot (so genannte Server-Logfiles).<br \/>\nZu den Zugriffsdaten geh\u00f6ren:\u2028 Name der abgerufenen Webseite, Datei, Datum und Uhrzeit des Abrufs, \u00fcbertragene Datenmenge, Meldung \u00fcber erfolgreichen Abruf, Browsertyp nebst Version, das Betriebssystem des Nutzers, Referrer URL (die zuvor besuchte Seite), IP-Adresse und der anfragende Provider.<br \/>\nDer Anbieter verwendet die Protokolldaten nur f\u00fcr statistische Auswertungen zum Zweck des Betriebs, der Sicherheit und der Optimierung des Angebotes.<br \/>\nDer Anbieterbeh\u00e4lt sich jedoch vor, die Protokolldaten nachtr\u00e4glich zu \u00fcberpr\u00fcfen, wenn aufgrund konkreter Anhaltspunkte der berechtigte Verdacht einer rechtswidrigen Nutzung besteht.<\/h5>\n<h5>Umgang mit personenbezogenen Daten<\/h5>\n<h5>Personenbezogene Daten sind Informationen, mit deren Hilfe eine Person bestimmbar ist, also Angaben, die zur\u00fcck zu einer Person verfolgt werden k\u00f6nnen.<br \/>\nDazu geh\u00f6ren der Name, die Email-Adresse oder die Telefonnummer.<br \/>\nAber auch Daten \u00fcber Vorlieben, Hobbies, Mitgliedschaften oder welche Webseiten von jemandem angesehen wurden z\u00e4hlen zu personenbezogenen Daten.<br \/>\nPersonenbezogene Daten werden von dem Anbieter nur dann erhoben, genutzt und weiter gegeben, wenn dies gesetzlich erlaubt ist oder die Nutzer in die Datenerhebung einwilligen.<\/h5>\n<h5>Kontaktaufnahme<\/h5>\n<h5>Bei der Kontaktaufnahme mit dem Anbieter (zum Beispiel per Kontaktformular oder E-Mail) werden die Angaben des Nutzers zwecks Bearbeitung der Anfrage sowie f\u00fcr den Fall, dass Anschlussfragen entstehen, gespeichert.<\/h5>\n<h5>Einbindung von Diensten und Inhalten Dritter<\/h5>\n<h5>Es kann vorkommen, dass innerhalb dieses Onlineangebotes Inhalte Dritter, wie zum Beispiel Videos von YouTube, Kartenmaterial von Google-Maps, RSS-Feeds oder Grafiken von anderen Webseiten eingebunden werden.<br \/>\nDies setzt immer voraus, dass die Anbieter dieser Inhalte (nachfolgend bezeichnet als \u201eDritt-Anbieter\u201c) die IP-Adresse der Nutzer wahr nehmen.<br \/>\nDenn ohne die IP-Adresse, k\u00f6nnten sie die Inhalte nicht an den Browser des jeweiligen Nutzers senden.<br \/>\nDie IP-Adresse ist damit f\u00fcr die Darstellung dieser Inhalte erforderlich.<br \/>\nWir bem\u00fchen uns nur solche Inhalte zu verwenden, deren jeweilige Anbieter die IP-Adresse lediglich zur Auslieferung der Inhalte verwenden.<br \/>\nJedoch haben wir keinen Einfluss darauf, falls die Dritt-Anbieter die IP-Adresse z.B. f\u00fcr statistische Zwecke speichern.<br \/>\nSoweit dies uns bekannt ist, kl\u00e4ren wir die Nutzer dar\u00fcber auf.<\/h5>\n<h5>Cookies<\/h5>\n<h5>Cookies sind kleine Dateien, die es erm\u00f6glichen, auf dem Zugriffsger\u00e4t der Nutzer (PC, Smartphone o.\u00e4.) spezifische, auf das Ger\u00e4t bezogene Informationen zu speichern.<br \/>\nSie dienen zum einem der Benutzerfreundlichkeit von Webseiten und damit den Nutzern (z.B. Speicherung von Logindaten).<br \/>\nZum anderen dienen sie, um die statistische Daten der Webseitennutzung zu erfassen und sie zwecks Verbesserung des Angebotes analysieren zu k\u00f6nnen.<br \/>\nDie Nutzer k\u00f6nnen auf den Einsatz der Cookies Einfluss nehmen.<br \/>\nDie meisten Browser verf\u00fcgen \u00fcber eine Option, mit der das Speichern von Cookies eingeschr\u00e4nkt oder komplett verhindert wird.<br \/>\nAllerdings wird darauf hingewiesen, dass die Nutzung und insbesondere der Nutzungskomfort ohne Cookies eingeschr\u00e4nkt werden.<br \/>\nSie k\u00f6nnen viele Online-Anzeigen-Cookies von Unternehmen \u00fcber die US-amerikanische Seite http:\/\/www.aboutads.info\/choices\/ oder die EU-Seite http:\/\/www.youronlinechoices.com\/uk\/your-ad-choices\/ verwalten.<\/h5>\n<h5>Widerruf, \u00c4nderungen, Berichtigungen und Aktualisierungen<\/h5>\n<h5>Der Nutzer hat das Recht, auf Antrag unentgeltlich Auskunft zu erhalten \u00fcber die personenbezogenen Daten, die \u00fcber ihn gespeichert wurden.<br \/>\nZus\u00e4tzlich hat der Nutzer das Recht auf Berichtigung unrichtiger Daten, Sperrung und L\u00f6schung seiner personenbezogenen Daten, soweit dem keine gesetzliche Aufbewahrungspflicht entgegensteht.<\/h5>\n<h5>Quelle: Datenschutz-Muster von Rechtsanwalt Thomas Schwenke \u2013 I LAW it<br \/>\nhttp:\/\/rechtsanwalt-schwenke.de\/smmr-buch\/datenschutz-muster-generator-fuer-webseiten-blogs-und-social-media\/<\/h5>\n<h5>Google Analytics<\/h5>\n<h5>Diese Website benutzt Google Analytics, einen Webanalysedienst der Google Inc. (\u201eGoogle\u201c). Google Analytics verwendet sog. \u201eCookies\u201c, Textdateien, die auf Ihrem Computer gespeichert werden und die eine Analyse der Benutzung der Website durch Sie erm\u00f6glichen. Die durch den Cookie erzeugten Informationen \u00fcber Ihre Benutzung dieser Website werden in der Regel an einen Server von Google in den USA \u00fcbertragen und dort gespeichert. Im Falle der Aktivierung der IP-Anonymisierung auf dieser Webseite, wird Ihre IP-Adresse von Google jedoch innerhalb von Mitgliedstaaten der Europ\u00e4ischen Union oder in anderen Vertragsstaaten des Abkommens \u00fcber den Europ\u00e4ischen Wirtschaftsraum zuvor gek\u00fcrzt. Nur in Ausnahmef\u00e4llen wird die volle IP-Adresse an einen Server von Google in den USA \u00fcbertragen und dort gek\u00fcrzt. Im Auftrag des Betreibers dieser Website wird Google diese Informationen benutzen, um Ihre Nutzung der Website auszuwerten, um Reports \u00fcber die Websiteaktivit\u00e4ten zusammenzustellen und um weitere mit der Websitenutzung und der Internetnutzung verbundene Dienstleistungen gegen\u00fcber dem Websitebetreiber zu erbringen. Die im Rahmen von Google Analytics von Ihrem Browser \u00fcbermittelte IP-Adresse wird nicht mit anderen Daten von Google zusammengef\u00fchrt. Sie k\u00f6nnen die Speicherung der Cookies durch eine entsprechende Einstellung Ihrer Browser-Software verhindern; wir weisen Sie jedoch darauf hin, dass Sie in diesem Fall gegebenenfalls nicht s\u00e4mtliche Funktionen dieser Website vollumf\u00e4nglich werden nutzen k\u00f6nnen. Sie k\u00f6nnen dar\u00fcber hinaus die Erfassung der durch das Cookie erzeugten und auf Ihre Nutzung der Website bezogenen Daten (inkl. Ihrer IP-Adresse) an Google sowie die Verarbeitung dieser Daten durch Google verhindern, indem Sie das unter dem folgenden Link verf\u00fcgbare Browser-Plugin herunterladen und installieren: http:\/\/tools.google.com\/dlpage\/gaoptout<\/h5>\n<h5>N\u00e4here Informationen zu Nutzungsbedingungen und Datenschutz finden Sie unter den Google Analytics Bedingungen bzw. unter der Google Analytics \u00dcbersicht. Wir weisen Sie darauf hin, dass auf dieser Webseite Google Analytics um den Code \u201egat._anonymizeIp();\u201c erweitert wurde, um eine anonymisierte Erfassung von IP-Adressen (sog. IP-Masking) zu gew\u00e4hrleisten.<\/h5>\n","protected":false},"excerpt":{"rendered":"<p>Geltungsbereich Diese Datenschutzerkl\u00e4rung kl\u00e4rt Nutzer \u00fcber die Art, den Umfang und Zwecke der Erhebung und Verwendung personenbezogener Daten durch den verantwortlichen Anbieter \u2013 Pick up Ramblers \u2013 Erwin und Tamara Wagner &#8211; N\u00f6rdlinger Stra\u00dfe 77 &#8211; 86343 K\u00f6nigsbrunn &#8211; Tel.: 08231 \/ 7362 &#8211; mobil: 0177 \/ 3647324 &#8211; email:\u2026<\/p>\n<p> <a class=\"continue-reading-link\" href=\"http:\/\/pick-up-ramblers.de\/?page_id=165\"><span><\/span><i class=\"crycon-right-dir\"><\/i><\/a> <\/p>\n","protected":false},"author":1,"featured_media":0,"parent":0,"menu_order":0,"comment_status":"closed","ping_status":"closed","template":"","meta":{"ngg_post_thumbnail":0},"_links":{"self":[{"href":"http:\/\/pick-up-ramblers.de\/index.php?rest_route=\/wp\/v2\/pages\/165"}],"collection":[{"href":"http:\/\/pick-up-ramblers.de\/index.php?rest_route=\/wp\/v2\/pages"}],"about":[{"href":"http:\/\/pick-up-ramblers.de\/index.php?rest_route=\/wp\/v2\/types\/page"}],"author":[{"embeddable":true,"href":"http:\/\/pick-up-ramblers.de\/index.php?rest_route=\/wp\/v2\/users\/1"}],"replies":[{"embeddable":true,"href":"http:\/\/pick-up-ramblers.de\/index.php?rest_route=%2Fwp%2Fv2%2Fcomments&post=165"}],"version-history":[{"count":5,"href":"http:\/\/pick-up-ramblers.de\/index.php?rest_route=\/wp\/v2\/pages\/165\/revisions"}],"predecessor-version":[{"id":185,"href":"http:\/\/pick-up-ramblers.de\/index.php?rest_route=\/wp\/v2\/pages\/165\/revisions\/185"}],"wp:attachment":[{"href":"http:\/\/pick-up-ramblers.de\/index.php?rest_route=%2Fwp%2Fv2%2Fmedia&parent=165"}],"curies":[{"name":"wp","href":"https:\/\/api.w.org\/{rel}","templated":true}]}}